{"id":338,"date":"2024-01-29T19:06:18","date_gmt":"2024-01-29T19:06:18","guid":{"rendered":"https:\/\/dovel.es\/?page_id=338"},"modified":"2024-02-01T13:39:50","modified_gmt":"2024-02-01T13:39:50","slug":"rsc","status":"publish","type":"page","link":"https:\/\/dovel.es\/index.php\/rsc\/","title":{"rendered":"RSC"},"content":{"rendered":"\t\t<div data-elementor-type=\"wp-page\" data-elementor-id=\"338\" class=\"elementor elementor-338\" data-elementor-post-type=\"page\">\n\t\t\t\t<div data-particle_enable=\"false\" data-particle-mobile-disabled=\"false\" class=\"elementor-element elementor-element-467e3ca8 e-con-full e-flex e-con e-parent\" data-id=\"467e3ca8\" data-element_type=\"container\" data-settings=\"{&quot;background_background&quot;:&quot;slideshow&quot;,&quot;background_slideshow_gallery&quot;:[{&quot;id&quot;:50,&quot;url&quot;:&quot;https:\\\/\\\/dovel.es\\\/wp-content\\\/uploads\\\/2024\\\/01\\\/liversium-promotora-inmobiliaria-11.jpg&quot;},{&quot;id&quot;:51,&quot;url&quot;:&quot;https:\\\/\\\/dovel.es\\\/wp-content\\\/uploads\\\/2024\\\/01\\\/liversium-promotora-inmobiliaria-9.jpg&quot;},{&quot;id&quot;:52,&quot;url&quot;:&quot;https:\\\/\\\/dovel.es\\\/wp-content\\\/uploads\\\/2024\\\/01\\\/liversium-promotora-inmobiliaria-8.jpg&quot;},{&quot;id&quot;:53,&quot;url&quot;:&quot;https:\\\/\\\/dovel.es\\\/wp-content\\\/uploads\\\/2024\\\/01\\\/liversium-promotora-inmobiliaria-7.jpg&quot;},{&quot;id&quot;:54,&quot;url&quot;:&quot;https:\\\/\\\/dovel.es\\\/wp-content\\\/uploads\\\/2024\\\/01\\\/liversium-promotora-inmobiliaria-6.jpg&quot;},{&quot;id&quot;:55,&quot;url&quot;:&quot;https:\\\/\\\/dovel.es\\\/wp-content\\\/uploads\\\/2024\\\/01\\\/liversium-promotora-inmobiliaria-12.jpg&quot;}],&quot;background_slideshow_lazyload&quot;:&quot;yes&quot;,&quot;background_slideshow_ken_burns&quot;:&quot;yes&quot;,&quot;background_slideshow_loop&quot;:&quot;yes&quot;,&quot;background_slideshow_slide_duration&quot;:5000,&quot;background_slideshow_slide_transition&quot;:&quot;fade&quot;,&quot;background_slideshow_transition_duration&quot;:500,&quot;background_slideshow_ken_burns_zoom_direction&quot;:&quot;in&quot;}\" data-core-v316-plus=\"true\">\n\t\t\t\t<div class=\"elementor-element elementor-element-a166962 elementor-widget elementor-widget-heading\" data-id=\"a166962\" data-element_type=\"widget\" data-widget_type=\"heading.default\">\n\t\t\t\t<div class=\"elementor-widget-container\">\n\t\t\t<style>\/*! elementor - v3.20.0 - 26-03-2024 *\/\n.elementor-heading-title{padding:0;margin:0;line-height:1}.elementor-widget-heading .elementor-heading-title[class*=elementor-size-]>a{color:inherit;font-size:inherit;line-height:inherit}.elementor-widget-heading .elementor-heading-title.elementor-size-small{font-size:15px}.elementor-widget-heading .elementor-heading-title.elementor-size-medium{font-size:19px}.elementor-widget-heading .elementor-heading-title.elementor-size-large{font-size:29px}.elementor-widget-heading .elementor-heading-title.elementor-size-xl{font-size:39px}.elementor-widget-heading .elementor-heading-title.elementor-size-xxl{font-size:59px}<\/style><h2 class=\"elementor-heading-title elementor-size-default\">RSC y ESG<\/h2>\t\t<\/div>\n\t\t\t\t<\/div>\n\t\t\t\t<\/div>\n\t\t<header data-particle_enable=\"false\" data-particle-mobile-disabled=\"false\" class=\"elementor-element elementor-element-4342e811 e-con-full animated-slow e-flex elementor-invisible e-con e-parent\" data-id=\"4342e811\" data-element_type=\"container\" data-settings=\"{&quot;background_background&quot;:&quot;classic&quot;,&quot;animation&quot;:&quot;fadeIn&quot;}\" data-core-v316-plus=\"true\">\n\t\t<div data-particle_enable=\"false\" data-particle-mobile-disabled=\"false\" class=\"elementor-element elementor-element-68a8f436 e-con-full e-flex e-con e-child\" data-id=\"68a8f436\" data-element_type=\"container\">\n\t\t\t\t<div class=\"elementor-element elementor-element-2f25055b elementor-widget elementor-widget-heading\" data-id=\"2f25055b\" data-element_type=\"widget\" data-widget_type=\"heading.default\">\n\t\t\t\t<div class=\"elementor-widget-container\">\n\t\t\t<p class=\"elementor-heading-title elementor-size-default\">\nCalle Alcala 226 PLANTA 5. 28027, Madrid (Madrid). Espa\u00f1a<\/p>\t\t<\/div>\n\t\t\t\t<\/div>\n\t\t\t\t<\/div>\n\t\t<div data-particle_enable=\"false\" data-particle-mobile-disabled=\"false\" class=\"elementor-element elementor-element-40d61ddb e-con-full e-flex e-con e-child\" data-id=\"40d61ddb\" data-element_type=\"container\">\n\t\t\t\t<div class=\"elementor-element elementor-element-5a78d5a5 elementor-align-right elementor-icon-list--layout-traditional elementor-list-item-link-full_width elementor-widget elementor-widget-icon-list\" data-id=\"5a78d5a5\" data-element_type=\"widget\" data-widget_type=\"icon-list.default\">\n\t\t\t\t<div class=\"elementor-widget-container\">\n\t\t\t<link rel=\"stylesheet\" href=\"https:\/\/dovel.es\/wp-content\/plugins\/elementor\/assets\/css\/widget-icon-list.min.css\">\t\t<ul class=\"elementor-icon-list-items\">\n\t\t\t\t\t\t\t<li class=\"elementor-icon-list-item\">\n\t\t\t\t\t\t\t\t\t\t\t<a href=\"tel:+34%20947%2007%2032%2080\">\n\n\t\t\t\t\t\t\t\t\t\t\t\t<span class=\"elementor-icon-list-icon\">\n\t\t\t\t\t\t\t<svg xmlns=\"http:\/\/www.w3.org\/2000\/svg\" id=\"bca8668a-c1a7-45ca-a09b-aba638241546\" data-name=\"Layer 1\" width=\"14.9685\" height=\"15\" viewBox=\"0 0 14.9685 15\"><path d=\"M14.576,11.0085,12.4827,8.9152a1.3923,1.3923,0,0,0-2.3176.5233,1.4244,1.4244,0,0,1-1.6447.8971A6.455,6.455,0,0,1,4.6328,6.4481,1.3551,1.3551,0,0,1,5.53,4.8033a1.3922,1.3922,0,0,0,.5233-2.3175L3.96.3925a1.4929,1.4929,0,0,0-2.0185,0l-1.42,1.42C-.8994,3.3082.6705,7.27,4.1843,10.7842s7.476,5.1585,8.9712,3.6633L14.576,13.027A1.4931,1.4931,0,0,0,14.576,11.0085Z\" transform=\"translate(0 0)\"><\/path><\/svg>\t\t\t\t\t\t<\/span>\n\t\t\t\t\t\t\t\t\t\t<span class=\"elementor-icon-list-text\">+34 947 07 32 80<\/span>\n\t\t\t\t\t\t\t\t\t\t\t<\/a>\n\t\t\t\t\t\t\t\t\t<\/li>\n\t\t\t\t\t\t<\/ul>\n\t\t\t\t<\/div>\n\t\t\t\t<\/div>\n\t\t\t\t<\/div>\n\t\t\t\t<\/header>\n\t\t<div data-particle_enable=\"false\" data-particle-mobile-disabled=\"false\" class=\"elementor-element elementor-element-73ed80c e-con-full e-flex e-con e-parent\" data-id=\"73ed80c\" data-element_type=\"container\" data-settings=\"{&quot;background_background&quot;:&quot;classic&quot;}\" data-core-v316-plus=\"true\">\n\t\t<div data-particle_enable=\"false\" data-particle-mobile-disabled=\"false\" class=\"elementor-element elementor-element-42afd926 e-con-full e-flex e-con e-child\" data-id=\"42afd926\" data-element_type=\"container\">\n\t\t\t\t<div class=\"elementor-element elementor-element-2b667963 elementor-invisible elementor-widget elementor-widget-heading\" data-id=\"2b667963\" data-element_type=\"widget\" data-settings=\"{&quot;_animation&quot;:&quot;fadeInLeft&quot;}\" data-widget_type=\"heading.default\">\n\t\t\t\t<div class=\"elementor-widget-container\">\n\t\t\t<h3 class=\"elementor-heading-title elementor-size-default\">A+<\/h3>\t\t<\/div>\n\t\t\t\t<\/div>\n\t\t\t\t<\/div>\n\t\t<div data-particle_enable=\"false\" data-particle-mobile-disabled=\"false\" class=\"elementor-element elementor-element-1da8814c e-con-full e-flex elementor-invisible e-con e-child\" data-id=\"1da8814c\" data-element_type=\"container\" data-settings=\"{&quot;animation&quot;:&quot;fadeInRight&quot;}\">\n\t\t\t\t<div class=\"elementor-element elementor-element-7b16d923 elementor-widget elementor-widget-text-editor\" data-id=\"7b16d923\" data-element_type=\"widget\" data-widget_type=\"text-editor.default\">\n\t\t\t\t<div class=\"elementor-widget-container\">\n\t\t\t<style>\/*! elementor - v3.20.0 - 26-03-2024 *\/\n.elementor-widget-text-editor.elementor-drop-cap-view-stacked .elementor-drop-cap{background-color:#69727d;color:#fff}.elementor-widget-text-editor.elementor-drop-cap-view-framed .elementor-drop-cap{color:#69727d;border:3px solid;background-color:transparent}.elementor-widget-text-editor:not(.elementor-drop-cap-view-default) .elementor-drop-cap{margin-top:8px}.elementor-widget-text-editor:not(.elementor-drop-cap-view-default) .elementor-drop-cap-letter{width:1em;height:1em}.elementor-widget-text-editor .elementor-drop-cap{float:left;text-align:center;line-height:1;font-size:50px}.elementor-widget-text-editor .elementor-drop-cap-letter{display:inline-block}<\/style>\t\t\t\t<p>Desde el a\u00f1o 2016 todos nuestros desarrollos inmobiliarios han sido calificados con la m\u00e1s alta calificaci\u00f3n energ\u00e9tica.<\/p>\t\t\t\t\t\t<\/div>\n\t\t\t\t<\/div>\n\t\t\t\t<\/div>\n\t\t\t\t<\/div>\n\t\t<div data-particle_enable=\"false\" data-particle-mobile-disabled=\"false\" class=\"elementor-element elementor-element-68fe4175 e-flex e-con-boxed e-con e-parent\" data-id=\"68fe4175\" data-element_type=\"container\" data-core-v316-plus=\"true\">\n\t\t\t\t\t<div class=\"e-con-inner\">\n\t\t\t\t<div class=\"elementor-element elementor-element-7820f7c3 elementor-invisible elementor-widget elementor-widget-heading\" data-id=\"7820f7c3\" data-element_type=\"widget\" data-settings=\"{&quot;_animation&quot;:&quot;fadeInUp&quot;}\" data-widget_type=\"heading.default\">\n\t\t\t\t<div class=\"elementor-widget-container\">\n\t\t\t<h3 class=\"elementor-heading-title elementor-size-default\">Responsabilidad Social Corporativa<\/h3>\t\t<\/div>\n\t\t\t\t<\/div>\n\t\t\t\t<div class=\"elementor-element elementor-element-2f08e89f animated-slow elementor-invisible elementor-widget elementor-widget-text-editor\" data-id=\"2f08e89f\" data-element_type=\"widget\" data-settings=\"{&quot;_animation&quot;:&quot;fadeInUp&quot;,&quot;_animation_delay&quot;:300}\" data-widget_type=\"text-editor.default\">\n\t\t\t\t<div class=\"elementor-widget-container\">\n\t\t\t\t\t\t\t<p>Grupo Nido capital busca\u00a0alinear todas sus empresas con los Objetivos de Desarrollo Sostenible para poder minimizar y eliminar el impacto ambiental o social en el desarrollo de su actividad.<\/p><p>\u00bfC\u00f3mo lo estamos logrando?<\/p><ul><li>Gesti\u00f3n medioambiental<\/li><li>Ecoeficiencia<\/li><li>Abastecimiento responsable<\/li><li>Compromiso\u00a0<\/li><li>Bienestar corporativo<\/li><li>Normas laborales y condiciones de trabajo<\/li><li>Relaciones con los empleados y la comunidad<\/li><li>Diversidad e inclusi\u00f3n<\/li><li>Equidad social y equilibrio de g\u00e9nero<\/li><li>Garant\u00eda de los derechos humanos<\/li><\/ul><p>\u00bfPor qu\u00e9 es importante este concepto?<\/p><p>Nuestra agenda global com\u00fan viene marcada por los Objetivos del Desarrollo Sostenible (ODS), 17 grandes objetivos consensuados por Naciones Unidas en septiembre de 2015, con metas espec\u00edficas para lograr su cumplimiento y poner fin a la pobreza, luchar contra la desigualdad y la injusticia, y hacer frente al cambio clim\u00e1tico. Incorporar pol\u00edticas de RSC en la gesti\u00f3n empresarial es habitual en empresas con accionariado, a la luz del crecimiento que esta experimentado la llamada Inversi\u00f3n Socialmente Responsable (ISR), y la importancia cada vez mayor para los accionistas respecto al desempe\u00f1o no financiero de las empresas.<\/p><p>Adem\u00e1s, la Responsabilidad Social empieza a ser un factor diferencial, tanto para la administraci\u00f3n p\u00fablica que ya promueve la compra p\u00fablica responsable, como en la decisi\u00f3n de compra de muchos consumidores en Espa\u00f1a. Internet y las redes sociales han favorecido el acceso a m\u00e1s y mejor informaci\u00f3n que ha dado lugar a lo que se conoce como El Consumidor Consciente. Uno de cada dos consumidores en Espa\u00f1a declara haber discriminado su consumo en base a elementos de RSE, ya sea haber comprado productos por saber que una empresa es socialmente responsable o haber dejado de comprar a una marca por sus malas pr\u00e1cticas. Los ODS han establecido compromisos que tienen su traslaci\u00f3n en regulaciones y normativas y fijan unos criterios de sostenibilidad que afectan a todos los agentes p\u00fablicos y privados. Son muchas las empresas que ya han incorporado en su gesti\u00f3n pol\u00edticas de Responsabilidad Social Corporativa (RSC) para dar respuesta a una normativa cada vez m\u00e1s exigente con las empresas a la hora de reportar su informaci\u00f3n no financiera, es decir, su impacto ambiental, social y de buen gobierno.<\/p>\t\t\t\t\t\t<\/div>\n\t\t\t\t<\/div>\n\t\t\t\t\t<\/div>\n\t\t\t\t<\/div>\n\t\t<div data-particle_enable=\"false\" data-particle-mobile-disabled=\"false\" class=\"elementor-element elementor-element-235c61c2 e-flex e-con-boxed elementor-invisible e-con e-parent\" data-id=\"235c61c2\" data-element_type=\"container\" data-settings=\"{&quot;background_background&quot;:&quot;classic&quot;,&quot;animation&quot;:&quot;fadeInUp&quot;}\" data-e-bg-lazyload=\"\" data-core-v316-plus=\"true\">\n\t\t\t\t\t<div class=\"e-con-inner\">\n\t\t\t\t<div class=\"elementor-element elementor-element-acc3119 animated-slow elementor-view-default elementor-invisible elementor-widget elementor-widget-icon\" data-id=\"acc3119\" data-element_type=\"widget\" data-settings=\"{&quot;_animation&quot;:&quot;fadeIn&quot;,&quot;_animation_delay&quot;:200}\" data-widget_type=\"icon.default\">\n\t\t\t\t<div class=\"elementor-widget-container\">\n\t\t\t\t\t<div class=\"elementor-icon-wrapper\">\n\t\t\t<div class=\"elementor-icon\">\n\t\t\t<svg xmlns=\"http:\/\/www.w3.org\/2000\/svg\" viewBox=\"0 0 25 22\"><path d=\"M24.846.345v4.16c-.996.087-1.906.477-2.73 1.17-.78.694-1.408 1.582-1.884 2.665-.434 1.04-.65 2.188-.65 3.445h5.07v10.01H14.315V12.89c0-2.73.477-4.983 1.43-6.76.997-1.776 2.297-3.141 3.9-4.095a12.275 12.275 0 0 1 5.2-1.69Zm-14.104 0v4.16c-.997.087-1.907.477-2.73 1.17-.78.694-1.409 1.582-1.886 2.665-.433 1.04-.65 2.188-.65 3.445h5.006v10.01H.146V12.89c0-2.73.499-4.983 1.495-6.76.997-1.776 2.297-3.141 3.9-4.095a12.275 12.275 0 0 1 5.2-1.69Z\"><\/path><\/svg>\t\t\t<\/div>\n\t\t<\/div>\n\t\t\t\t<\/div>\n\t\t\t\t<\/div>\n\t\t\t\t<div class=\"elementor-element elementor-element-2a7422c8 elementor-invisible elementor-widget elementor-widget-testimonial\" data-id=\"2a7422c8\" data-element_type=\"widget\" data-settings=\"{&quot;_animation&quot;:&quot;fadeInDown&quot;,&quot;_animation_delay&quot;:400}\" data-widget_type=\"testimonial.default\">\n\t\t\t\t<div class=\"elementor-widget-container\">\n\t\t\t<style>\/*! elementor - v3.20.0 - 26-03-2024 *\/\n.elementor-testimonial-wrapper{overflow:hidden;text-align:center}.elementor-testimonial-wrapper .elementor-testimonial-content{font-size:1.3em;margin-bottom:20px}.elementor-testimonial-wrapper .elementor-testimonial-name{line-height:1.5;display:block}.elementor-testimonial-wrapper .elementor-testimonial-job{font-size:.85em;display:block}.elementor-testimonial-wrapper .elementor-testimonial-meta{width:100%;line-height:1}.elementor-testimonial-wrapper .elementor-testimonial-meta-inner{display:inline-block}.elementor-testimonial-wrapper .elementor-testimonial-meta .elementor-testimonial-details,.elementor-testimonial-wrapper .elementor-testimonial-meta .elementor-testimonial-image{display:table-cell;vertical-align:middle}.elementor-testimonial-wrapper .elementor-testimonial-meta .elementor-testimonial-image img{width:60px;height:60px;border-radius:50%;-o-object-fit:cover;object-fit:cover;max-width:none}.elementor-testimonial-wrapper .elementor-testimonial-meta.elementor-testimonial-image-position-aside .elementor-testimonial-image{padding-right:15px}.elementor-testimonial-wrapper .elementor-testimonial-meta.elementor-testimonial-image-position-aside .elementor-testimonial-details{text-align:left}.elementor-testimonial-wrapper .elementor-testimonial-meta.elementor-testimonial-image-position-top .elementor-testimonial-details,.elementor-testimonial-wrapper .elementor-testimonial-meta.elementor-testimonial-image-position-top .elementor-testimonial-image{display:block}.elementor-testimonial-wrapper .elementor-testimonial-meta.elementor-testimonial-image-position-top .elementor-testimonial-image{margin-bottom:20px}<\/style>\t\t<div class=\"elementor-testimonial-wrapper\">\n\t\t\t\t\t\t\t<div class=\"elementor-testimonial-content\">En Dovel, cada proyecto es un compromiso con la calidad, seguridad y sostenibilidad, garantizando la excelencia en cada paso del camino.<\/div>\n\t\t\t\n\t\t\t\t\t<\/div>\n\t\t\t\t<\/div>\n\t\t\t\t<\/div>\n\t\t\t\t\t<\/div>\n\t\t\t\t<\/div>\n\t\t<div data-particle_enable=\"false\" data-particle-mobile-disabled=\"false\" class=\"elementor-element elementor-element-57662a0 e-con-full e-flex e-con e-parent\" data-id=\"57662a0\" data-element_type=\"container\" data-settings=\"{&quot;background_background&quot;:&quot;classic&quot;}\" data-core-v316-plus=\"true\">\n\t\t<div data-particle_enable=\"false\" data-particle-mobile-disabled=\"false\" class=\"elementor-element elementor-element-8d087c7 e-con-full e-flex e-con e-child\" data-id=\"8d087c7\" data-element_type=\"container\" data-settings=\"{&quot;background_background&quot;:&quot;classic&quot;,&quot;motion_fx_motion_fx_scrolling&quot;:&quot;yes&quot;,&quot;motion_fx_translateY_effect&quot;:&quot;yes&quot;,&quot;motion_fx_translateY_speed&quot;:{&quot;unit&quot;:&quot;px&quot;,&quot;size&quot;:4,&quot;sizes&quot;:[]},&quot;motion_fx_translateY_affectedRange&quot;:{&quot;unit&quot;:&quot;%&quot;,&quot;size&quot;:&quot;&quot;,&quot;sizes&quot;:{&quot;start&quot;:0,&quot;end&quot;:100}},&quot;motion_fx_devices&quot;:[&quot;desktop&quot;,&quot;tablet&quot;,&quot;mobile&quot;]}\">\n\t\t\t\t<div class=\"elementor-element elementor-element-69ed2fd elementor-widget elementor-widget-text-editor\" data-id=\"69ed2fd\" data-element_type=\"widget\" data-widget_type=\"text-editor.default\">\n\t\t\t\t<div class=\"elementor-widget-container\">\n\t\t\t\t\t\t\t<p><em>Proyectos Sostenibles: Liderando el camino hacia un futuro m\u00e1s verde.<\/em><\/p><p>En Grupo Nido Capital, estamos orgullosos de nuestra dedicaci\u00f3n a la sostenibilidad, la cual se refleja en cada uno de nuestros proyectos. A lo largo de los a\u00f1os, hemos tenido el honor de desarrollar y gestionar varios proyectos sostenibles que demuestran nuestro compromiso con la construcci\u00f3n ecol\u00f3gica y la eficiencia energ\u00e9tica. Aqu\u00ed, nos gustar\u00eda compartir algunos ejemplos destacados: <strong>LANGEN HAUS<\/strong>, <strong>SMART PLACES<\/strong>,\u00a0 o <strong>ANTON GREEN<\/strong>\u00a0 son s\u00f3lo algunos de estos proyectos muestra de nuestro compromiso con la sostenibilidad en el sector inmobiliario. En Grupo Nido Capital, continuaremos trabajando con pasi\u00f3n y dedicaci\u00f3n para desarrollar proyectos que no solo sean rentables, sino que tambi\u00e9n contribuyan a la construcci\u00f3n de un futuro m\u00e1s sostenible para todos.<\/p>\t\t\t\t\t\t<\/div>\n\t\t\t\t<\/div>\n\t\t\t\t<\/div>\n\t\t<div data-particle_enable=\"false\" data-particle-mobile-disabled=\"false\" class=\"elementor-element elementor-element-b9886b6 e-con-full e-flex e-con e-child\" data-id=\"b9886b6\" data-element_type=\"container\" data-settings=\"{&quot;motion_fx_motion_fx_scrolling&quot;:&quot;yes&quot;,&quot;motion_fx_translateY_effect&quot;:&quot;yes&quot;,&quot;motion_fx_translateY_direction&quot;:&quot;negative&quot;,&quot;motion_fx_translateY_speed&quot;:{&quot;unit&quot;:&quot;px&quot;,&quot;size&quot;:4,&quot;sizes&quot;:[]},&quot;motion_fx_translateY_affectedRange&quot;:{&quot;unit&quot;:&quot;%&quot;,&quot;size&quot;:&quot;&quot;,&quot;sizes&quot;:{&quot;start&quot;:0,&quot;end&quot;:100}},&quot;motion_fx_devices&quot;:[&quot;desktop&quot;,&quot;tablet&quot;,&quot;mobile&quot;]}\">\n\t\t\t\t<div class=\"elementor-element elementor-element-093205c elementor-widget elementor-widget-heading\" data-id=\"093205c\" data-element_type=\"widget\" data-widget_type=\"heading.default\">\n\t\t\t\t<div class=\"elementor-widget-container\">\n\t\t\t<h3 class=\"elementor-heading-title elementor-size-default\">Proyectos sostenibles.<\/h3>\t\t<\/div>\n\t\t\t\t<\/div>\n\t\t\t\t<\/div>\n\t\t\t\t<\/div>\n\t\t\t\t<section data-particle_enable=\"false\" data-particle-mobile-disabled=\"false\" class=\"elementor-section elementor-top-section elementor-element elementor-element-2aee6488 elementor-section-content-middle elementor-reverse-tablet elementor-reverse-mobile elementor-section-boxed elementor-section-height-default elementor-section-height-default\" data-id=\"2aee6488\" data-element_type=\"section\">\n\t\t\t\t\t\t<div class=\"elementor-container elementor-column-gap-no\">\n\t\t\t\t\t<div class=\"elementor-column elementor-col-100 elementor-top-column elementor-element elementor-element-3e754136\" data-id=\"3e754136\" data-element_type=\"column\">\n\t\t\t<div class=\"elementor-widget-wrap elementor-element-populated\">\n\t\t\t\t\t\t<div class=\"elementor-element elementor-element-3377527 elementor-invisible elementor-widget elementor-widget-heading\" data-id=\"3377527\" data-element_type=\"widget\" data-settings=\"{&quot;_animation&quot;:&quot;fadeInUp&quot;}\" data-widget_type=\"heading.default\">\n\t\t\t\t<div class=\"elementor-widget-container\">\n\t\t\t<h2 class=\"elementor-heading-title elementor-size-default\">Environmental, Social and Governance<\/h2>\t\t<\/div>\n\t\t\t\t<\/div>\n\t\t\t\t<div class=\"elementor-element elementor-element-63fe8f5e animated-slow elementor-invisible elementor-widget elementor-widget-text-editor\" data-id=\"63fe8f5e\" data-element_type=\"widget\" data-settings=\"{&quot;_animation&quot;:&quot;fadeInUp&quot;,&quot;_animation_delay&quot;:300}\" data-widget_type=\"text-editor.default\">\n\t\t\t\t<div class=\"elementor-widget-container\">\n\t\t\t\t\t\t\t<p><em>Sostenibilidad en Grupo Nido Capital: Nuestro compromiso con los principios ESG.<\/em><\/p><p>En Grupo Nido Capital, nos regimos por el acr\u00f3nimo ESG (Environmental, Social and Governance), que representa nuestro compromiso con la responsabilidad ambiental, social y de gobernanza. Nos enorgullece ser parte del creciente n\u00famero de empresas de todos los tama\u00f1os que han incorporado los principios ESG en su cultura organizativa, buscando promover la sostenibilidad y garantizar operaciones y desarrollos que respeten el medio ambiente, los derechos sociales y la buena gobernanza.<\/p><p><em>La actualidad de las empresas y lo que Grupo Nido Capital hace por la sostenibilidad.<\/em><\/p><p>En Grupo Nido Capital, reconocemos la importancia de los principios ESG y estamos comprometidos a implementar pr\u00e1cticas que los respalden en todas nuestras operaciones. En respuesta a las regulaciones existentes y a las expectativas crecientes de nuestros stakeholders, estamos tomando medidas activas para mejorar continuamente nuestra huella ambiental, social y de gobernanza.<\/p><p>Estamos reduciendo el impacto ambiental de nuestras operaciones mediante el uso de materiales de construcci\u00f3n sostenibles y tecnolog\u00edas de eficiencia energ\u00e9tica. Tambi\u00e9n estamos trabajando para evaluar y minimizar el impacto ambiental de nuestros proveedores.<\/p><p>Desde el punto de vista social, nos esforzamos por respetar y promover los derechos de todas las partes interesadas, incluyendo nuestros empleados, clientes y las comunidades en las que operamos. Fomentamos una cultura de inclusi\u00f3n y diversidad y contribuimos al desarrollo social y econ\u00f3mico de nuestras comunidades a trav\u00e9s de nuestras inversiones y operaciones.<\/p><p>En t\u00e9rminos de gobernanza, nos adherimos a las m\u00e1s altas normas de integridad y transparencia en todas nuestras operaciones. Nos esforzamos por mantener una comunicaci\u00f3n abierta y honesta con todas nuestras partes interesadas y tomamos en serio nuestras responsabilidades hacia nuestros accionistas, empleados, clientes y la sociedad en general.<\/p><p>Nos comprometemos a comunicar de manera transparente las medidas de sostenibilidad que adoptamos y a mantener a nuestras partes interesadas informadas de nuestro progreso en esta \u00e1rea. Como parte de este esfuerzo, estamos en el proceso de desarrollar un informe de sostenibilidad que detallar\u00e1 nuestras actividades y logros relacionados con los principios ESG.<\/p><p>En Grupo Nido Capital, creemos firmemente en la importancia de incorporar la responsabilidad ambiental, social y de gobernanza (ESG) en nuestra estrategia empresarial. Entendemos que esto no s\u00f3lo es esencial para el futuro sostenible de nuestro planeta, sino que tambi\u00e9n es vital para nuestro \u00e9xito a largo plazo y para aportar valor a todas nuestras partes interesadas.<\/p>\t\t\t\t\t\t<\/div>\n\t\t\t\t<\/div>\n\t\t\t\t\t<\/div>\n\t\t<\/div>\n\t\t\t\t\t<\/div>\n\t\t<\/section>\n\t\t\t\t<\/div>\n\t\t","protected":false},"excerpt":{"rendered":"<p>RSC y ESG Calle Alcala 226 PLANTA 5. 28027, Madrid (Madrid). Espa\u00f1a +34 947 07 32 80 A+ Desde el a\u00f1o 2016 todos nuestros desarrollos inmobiliarios han sido calificados con la m\u00e1s alta calificaci\u00f3n energ\u00e9tica. Responsabilidad Social Corporativa Grupo Nido capital busca\u00a0alinear todas sus empresas con los Objetivos de Desarrollo Sostenible para poder minimizar y [&hellip;]<\/p>\n","protected":false},"author":2,"featured_media":0,"parent":0,"menu_order":0,"comment_status":"closed","ping_status":"closed","template":"elementor_header_footer","meta":{"footnotes":""},"class_list":["post-338","page","type-page","status-publish","hentry"],"_links":{"self":[{"href":"https:\/\/dovel.es\/index.php\/wp-json\/wp\/v2\/pages\/338","targetHints":{"allow":["GET"]}}],"collection":[{"href":"https:\/\/dovel.es\/index.php\/wp-json\/wp\/v2\/pages"}],"about":[{"href":"https:\/\/dovel.es\/index.php\/wp-json\/wp\/v2\/types\/page"}],"author":[{"embeddable":true,"href":"https:\/\/dovel.es\/index.php\/wp-json\/wp\/v2\/users\/2"}],"replies":[{"embeddable":true,"href":"https:\/\/dovel.es\/index.php\/wp-json\/wp\/v2\/comments?post=338"}],"version-history":[{"count":25,"href":"https:\/\/dovel.es\/index.php\/wp-json\/wp\/v2\/pages\/338\/revisions"}],"predecessor-version":[{"id":520,"href":"https:\/\/dovel.es\/index.php\/wp-json\/wp\/v2\/pages\/338\/revisions\/520"}],"wp:attachment":[{"href":"https:\/\/dovel.es\/index.php\/wp-json\/wp\/v2\/media?parent=338"}],"curies":[{"name":"wp","href":"https:\/\/api.w.org\/{rel}","templated":true}]}}