{"id":361,"date":"2024-01-29T19:37:02","date_gmt":"2024-01-29T19:37:02","guid":{"rendered":"https:\/\/dovel.es\/?page_id=361"},"modified":"2024-02-01T13:39:59","modified_gmt":"2024-02-01T13:39:59","slug":"noticias","status":"publish","type":"page","link":"https:\/\/dovel.es\/index.php\/noticias\/","title":{"rendered":"Noticias"},"content":{"rendered":"\t\t<div data-elementor-type=\"wp-page\" data-elementor-id=\"361\" class=\"elementor elementor-361\" data-elementor-post-type=\"page\">\n\t\t\t\t<div data-particle_enable=\"false\" data-particle-mobile-disabled=\"false\" class=\"elementor-element elementor-element-467e3ca8 e-con-full e-flex e-con e-parent\" data-id=\"467e3ca8\" data-element_type=\"container\" data-settings=\"{&quot;background_background&quot;:&quot;slideshow&quot;,&quot;background_slideshow_gallery&quot;:[{&quot;id&quot;:50,&quot;url&quot;:&quot;https:\\\/\\\/dovel.es\\\/wp-content\\\/uploads\\\/2024\\\/01\\\/liversium-promotora-inmobiliaria-11.jpg&quot;},{&quot;id&quot;:51,&quot;url&quot;:&quot;https:\\\/\\\/dovel.es\\\/wp-content\\\/uploads\\\/2024\\\/01\\\/liversium-promotora-inmobiliaria-9.jpg&quot;},{&quot;id&quot;:52,&quot;url&quot;:&quot;https:\\\/\\\/dovel.es\\\/wp-content\\\/uploads\\\/2024\\\/01\\\/liversium-promotora-inmobiliaria-8.jpg&quot;},{&quot;id&quot;:53,&quot;url&quot;:&quot;https:\\\/\\\/dovel.es\\\/wp-content\\\/uploads\\\/2024\\\/01\\\/liversium-promotora-inmobiliaria-7.jpg&quot;},{&quot;id&quot;:54,&quot;url&quot;:&quot;https:\\\/\\\/dovel.es\\\/wp-content\\\/uploads\\\/2024\\\/01\\\/liversium-promotora-inmobiliaria-6.jpg&quot;},{&quot;id&quot;:55,&quot;url&quot;:&quot;https:\\\/\\\/dovel.es\\\/wp-content\\\/uploads\\\/2024\\\/01\\\/liversium-promotora-inmobiliaria-12.jpg&quot;}],&quot;background_slideshow_lazyload&quot;:&quot;yes&quot;,&quot;background_slideshow_ken_burns&quot;:&quot;yes&quot;,&quot;background_slideshow_loop&quot;:&quot;yes&quot;,&quot;background_slideshow_slide_duration&quot;:5000,&quot;background_slideshow_slide_transition&quot;:&quot;fade&quot;,&quot;background_slideshow_transition_duration&quot;:500,&quot;background_slideshow_ken_burns_zoom_direction&quot;:&quot;in&quot;}\" data-core-v316-plus=\"true\">\n\t\t\t\t<div class=\"elementor-element elementor-element-a166962 elementor-widget elementor-widget-heading\" data-id=\"a166962\" data-element_type=\"widget\" data-widget_type=\"heading.default\">\n\t\t\t\t<div class=\"elementor-widget-container\">\n\t\t\t<style>\/*! elementor - v3.20.0 - 26-03-2024 *\/\n.elementor-heading-title{padding:0;margin:0;line-height:1}.elementor-widget-heading .elementor-heading-title[class*=elementor-size-]>a{color:inherit;font-size:inherit;line-height:inherit}.elementor-widget-heading .elementor-heading-title.elementor-size-small{font-size:15px}.elementor-widget-heading .elementor-heading-title.elementor-size-medium{font-size:19px}.elementor-widget-heading .elementor-heading-title.elementor-size-large{font-size:29px}.elementor-widget-heading .elementor-heading-title.elementor-size-xl{font-size:39px}.elementor-widget-heading .elementor-heading-title.elementor-size-xxl{font-size:59px}<\/style><h2 class=\"elementor-heading-title elementor-size-default\">Actualidad<\/h2>\t\t<\/div>\n\t\t\t\t<\/div>\n\t\t\t\t<\/div>\n\t\t<header data-particle_enable=\"false\" data-particle-mobile-disabled=\"false\" class=\"elementor-element elementor-element-4342e811 e-con-full animated-slow e-flex elementor-invisible e-con e-parent\" data-id=\"4342e811\" data-element_type=\"container\" data-settings=\"{&quot;background_background&quot;:&quot;classic&quot;,&quot;animation&quot;:&quot;fadeIn&quot;}\" data-core-v316-plus=\"true\">\n\t\t<div data-particle_enable=\"false\" data-particle-mobile-disabled=\"false\" class=\"elementor-element elementor-element-68a8f436 e-con-full e-flex e-con e-child\" data-id=\"68a8f436\" data-element_type=\"container\">\n\t\t\t\t<div class=\"elementor-element elementor-element-2f25055b elementor-widget elementor-widget-heading\" data-id=\"2f25055b\" data-element_type=\"widget\" data-widget_type=\"heading.default\">\n\t\t\t\t<div class=\"elementor-widget-container\">\n\t\t\t<p class=\"elementor-heading-title elementor-size-default\">\nCalle Alcala 226 PLANTA 5. 28027, Madrid (Madrid). Espa\u00f1a<\/p>\t\t<\/div>\n\t\t\t\t<\/div>\n\t\t\t\t<\/div>\n\t\t<div data-particle_enable=\"false\" data-particle-mobile-disabled=\"false\" class=\"elementor-element elementor-element-40d61ddb e-con-full e-flex e-con e-child\" data-id=\"40d61ddb\" data-element_type=\"container\">\n\t\t\t\t<div class=\"elementor-element elementor-element-5a78d5a5 elementor-align-right elementor-icon-list--layout-traditional elementor-list-item-link-full_width elementor-widget elementor-widget-icon-list\" data-id=\"5a78d5a5\" data-element_type=\"widget\" data-widget_type=\"icon-list.default\">\n\t\t\t\t<div class=\"elementor-widget-container\">\n\t\t\t<link rel=\"stylesheet\" href=\"https:\/\/dovel.es\/wp-content\/plugins\/elementor\/assets\/css\/widget-icon-list.min.css\">\t\t<ul class=\"elementor-icon-list-items\">\n\t\t\t\t\t\t\t<li class=\"elementor-icon-list-item\">\n\t\t\t\t\t\t\t\t\t\t\t<a href=\"tel:+34%20947%2007%2032%2080\">\n\n\t\t\t\t\t\t\t\t\t\t\t\t<span class=\"elementor-icon-list-icon\">\n\t\t\t\t\t\t\t<svg xmlns=\"http:\/\/www.w3.org\/2000\/svg\" id=\"bca8668a-c1a7-45ca-a09b-aba638241546\" data-name=\"Layer 1\" width=\"14.9685\" height=\"15\" viewBox=\"0 0 14.9685 15\"><path d=\"M14.576,11.0085,12.4827,8.9152a1.3923,1.3923,0,0,0-2.3176.5233,1.4244,1.4244,0,0,1-1.6447.8971A6.455,6.455,0,0,1,4.6328,6.4481,1.3551,1.3551,0,0,1,5.53,4.8033a1.3922,1.3922,0,0,0,.5233-2.3175L3.96.3925a1.4929,1.4929,0,0,0-2.0185,0l-1.42,1.42C-.8994,3.3082.6705,7.27,4.1843,10.7842s7.476,5.1585,8.9712,3.6633L14.576,13.027A1.4931,1.4931,0,0,0,14.576,11.0085Z\" transform=\"translate(0 0)\"><\/path><\/svg>\t\t\t\t\t\t<\/span>\n\t\t\t\t\t\t\t\t\t\t<span class=\"elementor-icon-list-text\">+34 947 07 32 80<\/span>\n\t\t\t\t\t\t\t\t\t\t\t<\/a>\n\t\t\t\t\t\t\t\t\t<\/li>\n\t\t\t\t\t\t<\/ul>\n\t\t\t\t<\/div>\n\t\t\t\t<\/div>\n\t\t\t\t<\/div>\n\t\t\t\t<\/header>\n\t\t<div data-particle_enable=\"false\" data-particle-mobile-disabled=\"false\" class=\"elementor-element elementor-element-68fe4175 e-flex e-con-boxed e-con e-parent\" data-id=\"68fe4175\" data-element_type=\"container\" data-core-v316-plus=\"true\">\n\t\t\t\t\t<div class=\"e-con-inner\">\n\t\t\t\t<div class=\"elementor-element elementor-element-7820f7c3 elementor-invisible elementor-widget elementor-widget-heading\" data-id=\"7820f7c3\" data-element_type=\"widget\" data-settings=\"{&quot;_animation&quot;:&quot;fadeInUp&quot;}\" data-widget_type=\"heading.default\">\n\t\t\t\t<div class=\"elementor-widget-container\">\n\t\t\t<h3 class=\"elementor-heading-title elementor-size-default\">\u00faltimas noticias del grupo<\/h3>\t\t<\/div>\n\t\t\t\t<\/div>\n\t\t\t\t<div class=\"elementor-element elementor-element-2f08e89f animated-slow elementor-invisible elementor-widget elementor-widget-text-editor\" data-id=\"2f08e89f\" data-element_type=\"widget\" data-settings=\"{&quot;_animation&quot;:&quot;fadeInUp&quot;,&quot;_animation_delay&quot;:300}\" data-widget_type=\"text-editor.default\">\n\t\t\t\t<div class=\"elementor-widget-container\">\n\t\t\t<style>\/*! elementor - v3.20.0 - 26-03-2024 *\/\n.elementor-widget-text-editor.elementor-drop-cap-view-stacked .elementor-drop-cap{background-color:#69727d;color:#fff}.elementor-widget-text-editor.elementor-drop-cap-view-framed .elementor-drop-cap{color:#69727d;border:3px solid;background-color:transparent}.elementor-widget-text-editor:not(.elementor-drop-cap-view-default) .elementor-drop-cap{margin-top:8px}.elementor-widget-text-editor:not(.elementor-drop-cap-view-default) .elementor-drop-cap-letter{width:1em;height:1em}.elementor-widget-text-editor .elementor-drop-cap{float:left;text-align:center;line-height:1;font-size:50px}.elementor-widget-text-editor .elementor-drop-cap-letter{display:inline-block}<\/style>\t\t\t\t<p>Mant\u00e9ngase informado sobre c\u00f3mo estamos marcando la diferencia en el mundo de la construcci\u00f3n y contribuyendo al crecimiento de nuestras comunidades. Nuestro compromiso con la excelencia y la innovaci\u00f3n se refleja en cada noticia que compartimos.<\/p>\t\t\t\t\t\t<\/div>\n\t\t\t\t<\/div>\n\t\t\t\t\t<\/div>\n\t\t\t\t<\/div>\n\t\t\t\t<section data-particle_enable=\"false\" data-particle-mobile-disabled=\"false\" class=\"elementor-section elementor-top-section elementor-element elementor-element-1561a2a elementor-section-content-middle elementor-section-full_width elementor-section-height-default elementor-section-height-default\" data-id=\"1561a2a\" data-element_type=\"section\">\n\t\t\t\t\t\t<div class=\"elementor-container elementor-column-gap-no\">\n\t\t\t\t\t<div class=\"elementor-column elementor-col-100 elementor-top-column elementor-element elementor-element-3d669bc\" data-id=\"3d669bc\" data-element_type=\"column\">\n\t\t\t<div class=\"elementor-widget-wrap elementor-element-populated\">\n\t\t\t\t\t\t<div class=\"elementor-element elementor-element-23c5161 elementor-widget elementor-widget-eael-post-block\" data-id=\"23c5161\" data-element_type=\"widget\" data-widget_type=\"eael-post-block.default\">\n\t\t\t\t<div class=\"elementor-widget-container\">\n\t\t\t<div id=\"eael-post-block-23c5161\" class=\"eael-post-block post-block-style-default post-block-layout-tiled\">\n            <div class=\"eael-post-block-grid eael-post-appender eael-post-appender-23c5161 eael-post-tiled-preset-4 eael-post-tiled-col-2\"><article class=\"eael-post-block-item eael-post-block-column\">\n        <div class=\"eael-post-block-item-holder\">\n            <div class=\"eael-post-block-item-holder-inner\"><div class=\"eael-entry-media\">\n                        <div class=\"eael-entry-overlay zoom-in\"><i class=\"fas fa-book-reader\" aria-hidden=\"true\"><\/i><a href=\"https:\/\/dovel.es\/index.php\/2024\/06\/07\/orighen-inicio-de-las-obras\/\"><\/a>\n                        <\/div>\n                        <div class=\"eael-entry-thumbnail \">\n                            <img decoding=\"async\" src=\"https:\/\/dovel.es\/wp-content\/uploads\/2024\/06\/image.png\" alt=\"\">\n                        <\/div>\n                    <\/div><div class=\"eael-entry-wrapper\">\n                        <header class=\"eael-entry-header\"><h2 class=\"eael-entry-title\"><a class=\"eael-grid-post-link\" href=\"https:\/\/dovel.es\/index.php\/2024\/06\/07\/orighen-inicio-de-las-obras\/\" title=\"ORIGHEN &#8211; INICIO DE LAS OBRAS\">ORIGHEN &#8211; INICIO DE LAS OBRAS<\/a><\/h2><\/header>\n                        \n                        <div class=\"eael-entry-content\"><div class=\"eael-grid-post-excerpt\"><p>ORIGHEN Inicio de las obras de un gran proyecto residencial El pasado mes de febrero la Promotora LIVERSIUM, perteneciente a Grupo NIDO Capital, comenz\u00f3 la edificaci\u00f3n de su nuevo proyecto...<\/p><a href=\"https:\/\/dovel.es\/index.php\/2024\/06\/07\/orighen-inicio-de-las-obras\/\" class=\"eael-post-elements-readmore-btn\">Leer noticia completa<\/a><\/div><\/div>\n                    <\/div><\/div>\n        <\/div>\n    <\/article><article class=\"eael-post-block-item eael-post-block-column\">\n        <div class=\"eael-post-block-item-holder\">\n            <div class=\"eael-post-block-item-holder-inner\"><div class=\"eael-entry-media\">\n                        <div class=\"eael-entry-overlay zoom-in\"><i class=\"fas fa-book-reader\" aria-hidden=\"true\"><\/i><a href=\"https:\/\/dovel.es\/index.php\/2024\/03\/20\/nicia-la-construccion-de-smart-places-alcobendas\/\"><\/a>\n                        <\/div>\n                        <div class=\"eael-entry-thumbnail \">\n                            <img decoding=\"async\" src=\"https:\/\/dovel.es\/wp-content\/uploads\/2024\/03\/DOVEL.jpeg\" alt=\"\">\n                        <\/div>\n                    <\/div><div class=\"eael-entry-wrapper\">\n                        <header class=\"eael-entry-header\"><h2 class=\"eael-entry-title\"><a class=\"eael-grid-post-link\" href=\"https:\/\/dovel.es\/index.php\/2024\/03\/20\/nicia-la-construccion-de-smart-places-alcobendas\/\" title=\"SE INICIA LA CONSTRUCCI\u00d3N DE SMART PLACES ALCOBENDAS\">SE INICIA LA CONSTRUCCI\u00d3N DE SMART PLACES ALCOBENDAS<\/a><\/h2><\/header>\n                        \n                        <div class=\"eael-entry-content\"><div class=\"eael-grid-post-excerpt\"><p>Hoy comenzamos la construcci\u00f3n de Smart Places Alcobendas, un proyecto innovador con m\u00e1s de 15.000 metros cuadrados construidos, que promete ser un punto de referencia en la zona por su...<\/p><a href=\"https:\/\/dovel.es\/index.php\/2024\/03\/20\/nicia-la-construccion-de-smart-places-alcobendas\/\" class=\"eael-post-elements-readmore-btn\">Leer noticia completa<\/a><\/div><\/div>\n                    <\/div><\/div>\n        <\/div>\n    <\/article><article class=\"eael-post-block-item eael-post-block-column\">\n        <div class=\"eael-post-block-item-holder\">\n            <div class=\"eael-post-block-item-holder-inner\"><div class=\"eael-entry-media\">\n                        <div class=\"eael-entry-overlay zoom-in\"><i class=\"fas fa-book-reader\" aria-hidden=\"true\"><\/i><a href=\"https:\/\/dovel.es\/index.php\/2024\/01\/29\/grupo-nido-capital-invitado-al-podcast-promocion-inmobiliaria-de-capital-radio\/\"><\/a>\n                        <\/div>\n                        <div class=\"eael-entry-thumbnail \">\n                            <img decoding=\"async\" src=\"https:\/\/dovel.es\/wp-content\/uploads\/2022\/12\/GRUPO-NIDO.jpg\" alt=\"\">\n                        <\/div>\n                    <\/div><div class=\"eael-entry-wrapper\">\n                        <header class=\"eael-entry-header\"><h2 class=\"eael-entry-title\"><a class=\"eael-grid-post-link\" href=\"https:\/\/dovel.es\/index.php\/2024\/01\/29\/grupo-nido-capital-invitado-al-podcast-promocion-inmobiliaria-de-capital-radio\/\" title=\"Grupo Nido Capital Invitado al Podcast \u00abPromoci\u00f3n Inmobiliaria\u00bb de Capital Radio\">Grupo Nido Capital Invitado al Podcast \u00abPromoci\u00f3n Inmobiliaria\u00bb de Capital Radio<\/a><\/h2><\/header>\n                        \n                        <div class=\"eael-entry-content\"><div class=\"eael-grid-post-excerpt\"><p>Estamos emocionados de compartir que Grupo Nido Capital ha sido destacado en el popular podcast \u00abPromoci\u00f3n Inmobiliaria\u00bb presentado por Meli Torres en Capital Radio. Este espacio es reconocido por ser...<\/p><a href=\"https:\/\/dovel.es\/index.php\/2024\/01\/29\/grupo-nido-capital-invitado-al-podcast-promocion-inmobiliaria-de-capital-radio\/\" class=\"eael-post-elements-readmore-btn\">Leer noticia completa<\/a><\/div><\/div>\n                    <\/div><\/div>\n        <\/div>\n    <\/article><article class=\"eael-post-block-item eael-post-block-column\">\n        <div class=\"eael-post-block-item-holder\">\n            <div class=\"eael-post-block-item-holder-inner\"><div class=\"eael-entry-media\">\n                        <div class=\"eael-entry-overlay zoom-in\"><i class=\"fas fa-book-reader\" aria-hidden=\"true\"><\/i><a href=\"https:\/\/dovel.es\/index.php\/2024\/01\/29\/grupo-nido-capital-en-portada-de-la-prestigiosa-revista-m2\/\"><\/a>\n                        <\/div>\n                        <div class=\"eael-entry-thumbnail \">\n                            <img decoding=\"async\" src=\"https:\/\/dovel.es\/wp-content\/uploads\/2022\/12\/REVISTAPORTADA.jpg\" alt=\"\">\n                        <\/div>\n                    <\/div><div class=\"eael-entry-wrapper\">\n                        <header class=\"eael-entry-header\"><h2 class=\"eael-entry-title\"><a class=\"eael-grid-post-link\" href=\"https:\/\/dovel.es\/index.php\/2024\/01\/29\/grupo-nido-capital-en-portada-de-la-prestigiosa-revista-m2\/\" title=\"Grupo Nido Capital: En Portada de la Prestigiosa Revista m2\">Grupo Nido Capital: En Portada de la Prestigiosa Revista m2<\/a><\/h2><\/header>\n                        \n                        <div class=\"eael-entry-content\"><div class=\"eael-grid-post-excerpt\"><p>Nos complace anunciar que Grupo Nido Capital ha sido destacado en la portada de la edici\u00f3n n\u00famero 335 de la revista m2, una publicaci\u00f3n de renombre en el sector inmobiliario...<\/p><a href=\"https:\/\/dovel.es\/index.php\/2024\/01\/29\/grupo-nido-capital-en-portada-de-la-prestigiosa-revista-m2\/\" class=\"eael-post-elements-readmore-btn\">Leer noticia completa<\/a><\/div><\/div>\n                    <\/div><\/div>\n        <\/div>\n    <\/article><article class=\"eael-post-block-item eael-post-block-column\">\n        <div class=\"eael-post-block-item-holder\">\n            <div class=\"eael-post-block-item-holder-inner\"><div class=\"eael-entry-media\">\n                        <div class=\"eael-entry-overlay zoom-in\"><i class=\"fas fa-book-reader\" aria-hidden=\"true\"><\/i><a href=\"https:\/\/dovel.es\/index.php\/2024\/01\/29\/nido-capital-revoluciona-alcobendas-con-proyecto-multifuncional-de-25-millones\/\"><\/a>\n                        <\/div>\n                        <div class=\"eael-entry-thumbnail \">\n                            <img decoding=\"async\" src=\"https:\/\/dovel.es\/wp-content\/uploads\/2022\/12\/Smart_places_Grupo_Nido.height-800.format-webp-1024x791.webp\" alt=\"\">\n                        <\/div>\n                    <\/div><div class=\"eael-entry-wrapper\">\n                        <header class=\"eael-entry-header\"><h2 class=\"eael-entry-title\"><a class=\"eael-grid-post-link\" href=\"https:\/\/dovel.es\/index.php\/2024\/01\/29\/nido-capital-revoluciona-alcobendas-con-proyecto-multifuncional-de-25-millones\/\" title=\"Nido Capital Revoluciona Alcobendas con Proyecto Multifuncional de 25 Millones\">Nido Capital Revoluciona Alcobendas con Proyecto Multifuncional de 25 Millones<\/a><\/h2><\/header>\n                        \n                        <div class=\"eael-entry-content\"><div class=\"eael-grid-post-excerpt\"><p>El 16 de enero de 2024, Mar\u00eda Encabo inform\u00f3 sobre la significativa inversi\u00f3n de m\u00e1s de 25 millones de euros realizada por Nido Capital, parte del holding empresarial de la...<\/p><a href=\"https:\/\/dovel.es\/index.php\/2024\/01\/29\/nido-capital-revoluciona-alcobendas-con-proyecto-multifuncional-de-25-millones\/\" class=\"eael-post-elements-readmore-btn\">Leer noticia completa<\/a><\/div><\/div>\n                    <\/div><\/div>\n        <\/div>\n    <\/article><article class=\"eael-post-block-item eael-post-block-column\">\n        <div class=\"eael-post-block-item-holder\">\n            <div class=\"eael-post-block-item-holder-inner\"><div class=\"eael-entry-media\">\n                        <div class=\"eael-entry-overlay zoom-in\"><i class=\"fas fa-book-reader\" aria-hidden=\"true\"><\/i><a href=\"https:\/\/dovel.es\/index.php\/2024\/01\/29\/hello-world3\/\"><\/a>\n                        <\/div>\n                        <div class=\"eael-entry-thumbnail \">\n                            <img decoding=\"async\" src=\"https:\/\/dovel.es\/wp-content\/uploads\/2022\/12\/gruponido.jpg\" alt=\"\">\n                        <\/div>\n                    <\/div><div class=\"eael-entry-wrapper\">\n                        <header class=\"eael-entry-header\"><h2 class=\"eael-entry-title\"><a class=\"eael-grid-post-link\" href=\"https:\/\/dovel.es\/index.php\/2024\/01\/29\/hello-world3\/\" title=\"Grupo Nido Capital Planea Establecer una Nueva F\u00e1brica de Construcci\u00f3n de M\u00f3dulos de Viviendas en Aranda de Duero\">Grupo Nido Capital Planea Establecer una Nueva F\u00e1brica de Construcci\u00f3n de M\u00f3dulos de Viviendas en Aranda de Duero<\/a><\/h2><\/header>\n                        \n                        <div class=\"eael-entry-content\"><div class=\"eael-grid-post-excerpt\"><p>Estamos encantados de anunciar que Grupo Nido Capital tiene planes de abrir una de las tres nuevas f\u00e1bricas de construcci\u00f3n de m\u00f3dulos de viviendas en Aranda de Duero, como parte...<\/p><a href=\"https:\/\/dovel.es\/index.php\/2024\/01\/29\/hello-world3\/\" class=\"eael-post-elements-readmore-btn\">Leer noticia completa<\/a><\/div><\/div>\n                    <\/div><\/div>\n        <\/div>\n    <\/article><\/div>\n\t\t<\/div>            <div class=\"eael-load-more-button-wrap eael-force-hide\">\n                <button class=\"eael-load-more-button\" id=\"eael-load-more-btn-23c5161\" data-widget-id=\"23c5161\" data-widget=\"23c5161\" data-page-id=\"361\" data-template=\"{&quot;dir&quot;:&quot;pro&quot;,&quot;file_name&quot;:&quot;default.php&quot;,&quot;name&quot;:&quot;Post-Block&quot;}\" data-class=\"Essential_Addons_Elementor\\Pro\\Elements\\Post_Block\" data-layout=\"\" data-page=\"1\" data-args=\"orderby=date&amp;order=desc&amp;ignore_sticky_posts=1&amp;post_status=publish&amp;posts_per_page=6&amp;offset=0&amp;post_type=post&amp;tax_query%5B0%5D%5Btaxonomy%5D=category&amp;tax_query%5B0%5D%5Bfield%5D=term_id&amp;tax_query%5B0%5D%5Bterms%5D%5B0%5D=1&amp;tax_query%5Brelation%5D=AND\" data-max-page=\"2\">\n                    <span class=\"eael-btn-loader button__loader\"><\/span>\n                    <span class=\"eael_load_more_text\"><\/span>\n                <\/button>\n            <\/div>\n            \t\t<\/div>\n\t\t\t\t<\/div>\n\t\t\t\t\t<\/div>\n\t\t<\/div>\n\t\t\t\t\t<\/div>\n\t\t<\/section>\n\t\t\t\t<\/div>\n\t\t","protected":false},"excerpt":{"rendered":"<p>Actualidad Calle Alcala 226 PLANTA 5. 28027, Madrid (Madrid). Espa\u00f1a +34 947 07 32 80 \u00faltimas noticias del grupo Mant\u00e9ngase informado sobre c\u00f3mo estamos marcando la diferencia en el mundo de la construcci\u00f3n y contribuyendo al crecimiento de nuestras comunidades. Nuestro compromiso con la excelencia y la innovaci\u00f3n se refleja en cada noticia que compartimos. [&hellip;]<\/p>\n","protected":false},"author":2,"featured_media":0,"parent":0,"menu_order":0,"comment_status":"closed","ping_status":"closed","template":"elementor_header_footer","meta":{"footnotes":""},"class_list":["post-361","page","type-page","status-publish","hentry"],"_links":{"self":[{"href":"https:\/\/dovel.es\/index.php\/wp-json\/wp\/v2\/pages\/361","targetHints":{"allow":["GET"]}}],"collection":[{"href":"https:\/\/dovel.es\/index.php\/wp-json\/wp\/v2\/pages"}],"about":[{"href":"https:\/\/dovel.es\/index.php\/wp-json\/wp\/v2\/types\/page"}],"author":[{"embeddable":true,"href":"https:\/\/dovel.es\/index.php\/wp-json\/wp\/v2\/users\/2"}],"replies":[{"embeddable":true,"href":"https:\/\/dovel.es\/index.php\/wp-json\/wp\/v2\/comments?post=361"}],"version-history":[{"count":19,"href":"https:\/\/dovel.es\/index.php\/wp-json\/wp\/v2\/pages\/361\/revisions"}],"predecessor-version":[{"id":523,"href":"https:\/\/dovel.es\/index.php\/wp-json\/wp\/v2\/pages\/361\/revisions\/523"}],"wp:attachment":[{"href":"https:\/\/dovel.es\/index.php\/wp-json\/wp\/v2\/media?parent=361"}],"curies":[{"name":"wp","href":"https:\/\/api.w.org\/{rel}","templated":true}]}}